{"id":1638,"date":"2024-11-19T19:43:20","date_gmt":"2024-11-19T19:43:20","guid":{"rendered":"https:\/\/unisa.secihti.mx\/SIGU-U\/WRP\/?page_id=1638"},"modified":"2026-03-04T22:00:02","modified_gmt":"2026-03-04T22:00:02","slug":"repositorio","status":"publish","type":"page","link":"https:\/\/unisa.secihti.mx\/SIGU-U\/WRP\/repositorio\/","title":{"rendered":"REPOSITORIO"},"content":{"rendered":"\n<div class=\"wp-block-uagb-container uagb-block-1863530f alignfull uagb-is-root-container\"><div class=\"uagb-container-inner-blocks-wrap\">\n<div class=\"wp-block-uagb-advanced-heading uagb-block-ea286ba0\"><h1 class=\"uagb-heading-text\">Repositorio <\/h1><\/div>\n<\/div><\/div>\n\n\n\n<p><\/p>\n\n\n\n<h2 class=\"wp-block-heading has-text-align-center has-text-color has-link-color wp-elements-9b1f38bddaeababe7d58b6f22091faf4\" style=\"color:#bc955c\">Sistemas de Informaci\u00f3n<\/h2>\n\n\n\n<div class=\"wp-block-uagb-container uagb-block-683dbb05 alignfull uagb-is-root-container\"><div class=\"uagb-container-inner-blocks-wrap\">\n<div class=\"wp-block-uagb-container uagb-block-61bd8974\">\n<h3 class=\"wp-block-heading\">Publicaciones peri\u00f3dicas<\/h3>\n<\/div>\n<\/div><\/div>\n\n\n\n\t\t\t<div class=\"wp-block-uagb-post-grid uagb-post-grid  uagb-post__image-position-top uagb-post__image-enabled uagb-block-bd58949e     uagb-post__items uagb-post__columns-3 is-grid uagb-post__columns-tablet-2 uagb-post__columns-mobile-1 uagb-post__equal-height\" data-total=\"1\" style=\"\">\n\n\t\t\t\t\t\t\t\t\t\t\t\t<article class=\"uagb-post__inner-wrap\">\t\t\t\t\t\t\t\t<div class='uagb-post__image'>\n\t\t\t\t\t\t\t\t\t<a href=\"https:\/\/unisa.secihti.mx\/SIGU-U\/WRP\/blog\/2025\/03\/18\/gaceta\/\" target=\"_self\" rel=\"bookmark noopener noreferrer\" class='uagb-image-ratio-inherit'><img loading=\"lazy\" decoding=\"async\" width=\"1024\" height=\"576\" src=\"https:\/\/unisa.secihti.mx\/SIGU-U\/WRP\/wp-content\/uploads\/2025\/03\/01-Slider-web_Gaceta-universitaria-1_Mesa-de-trabajo-1-1024x576.png\" class=\"attachment-large size-large\" alt=\"\" srcset=\"https:\/\/unisa.secihti.mx\/SIGU-U\/WRP\/wp-content\/uploads\/2025\/03\/01-Slider-web_Gaceta-universitaria-1_Mesa-de-trabajo-1-1024x576.png 1024w, https:\/\/unisa.secihti.mx\/SIGU-U\/WRP\/wp-content\/uploads\/2025\/03\/01-Slider-web_Gaceta-universitaria-1_Mesa-de-trabajo-1-300x169.png 300w, https:\/\/unisa.secihti.mx\/SIGU-U\/WRP\/wp-content\/uploads\/2025\/03\/01-Slider-web_Gaceta-universitaria-1_Mesa-de-trabajo-1-768x432.png 768w, https:\/\/unisa.secihti.mx\/SIGU-U\/WRP\/wp-content\/uploads\/2025\/03\/01-Slider-web_Gaceta-universitaria-1_Mesa-de-trabajo-1.png 1334w\" sizes=\"auto, (max-width: 1024px) 100vw, 1024px\" \/>\t\t\t\t\t<\/a>\n\t\t\t\t\t\t\t<\/div>\n\t\t\t\t\t\t<h4 class=\"uagb-post__title uagb-post__text\">\n\t\t\t\t<a href=\"https:\/\/unisa.secihti.mx\/SIGU-U\/WRP\/blog\/2025\/03\/18\/gaceta\/\" target=\"_self\" rel=\"bookmark noopener noreferrer\">Gaceta<\/a>\n\t\t\t<\/h4>\n\t\t\t\t\t\t<div class='uagb-post__text uagb-post-grid-byline'>\n\t\t\t\t\t\t\t<\/div>\n\t\t\t\t\t\t\t<div class='uagb-post__text uagb-post__excerpt'>\n\t\t\t\t\t<p>Gaceta Universitaria<\/p>\n\t\t\t\t<\/div>\n\t\t\t\t\t\t<div class=\"uagb-post__text uagb-post__cta wp-block-button\">\n\t\t\t\t<a class=\"wp-block-button__link uagb-text-link\" style=\"\" href=\"https:\/\/unisa.secihti.mx\/SIGU-U\/WRP\/blog\/2025\/03\/18\/gaceta\/\" target=\"_self\" rel=\"bookmark noopener noreferrer\">Leer m\u00e1s<\/a>\n\t\t\t<\/div>\n\t\t\t\n\t\t\t\t\t\t\t\t\t<\/article>\n\t\t\t\t\t\t\t\t\t\t\t<\/div>\n\t\t\t\n\n\n<p><\/p>\n\n\n\n<h3 class=\"wp-block-heading has-text-align-center\">Infograf\u00edas<\/h3>\n\n\n\n<div class=\"wp-block-uagb-container uagb-block-d9ce808d alignfull uagb-is-root-container\"><div class=\"uagb-container-inner-blocks-wrap\">\n<div class=\"wp-block-uagb-container uagb-block-4b1d4158\">\n<div class=\"wp-block-file alignwide\"><a id=\"wp-block-file--media-17c22b62-d1be-40f8-80c0-7350b1028d25\" href=\"https:\/\/unisa.secihti.mx\/SIGU-U\/WRP\/wp-content\/uploads\/2025\/03\/La-Diabetes-en-Mexico_2024.pdf\" target=\"_blank\" rel=\"noreferrer noopener\">C\u00e1ncer Infantil 2026<\/a><a href=\"https:\/\/unisa.secihti.mx\/SIGU-U\/WRP\/wp-content\/uploads\/2025\/03\/La-Diabetes-en-Mexico_2024.pdf\" class=\"wp-block-file__button wp-element-button\" download aria-describedby=\"wp-block-file--media-17c22b62-d1be-40f8-80c0-7350b1028d25\">Descarga<\/a><\/div>\n<\/div>\n\n\n\n<div class=\"wp-block-uagb-container uagb-block-5521abfa\">\n<figure class=\"wp-block-image size-large\"><img loading=\"lazy\" decoding=\"async\" width=\"1024\" height=\"576\" src=\"https:\/\/unisa.secihti.mx\/SIGU-U\/WRP\/wp-content\/uploads\/2026\/02\/00-Slider-web_cancer-infantil_300ppp_-1-1024x576.jpg\" alt=\"\" class=\"wp-image-4573\" srcset=\"https:\/\/unisa.secihti.mx\/SIGU-U\/WRP\/wp-content\/uploads\/2026\/02\/00-Slider-web_cancer-infantil_300ppp_-1-1024x576.jpg 1024w, https:\/\/unisa.secihti.mx\/SIGU-U\/WRP\/wp-content\/uploads\/2026\/02\/00-Slider-web_cancer-infantil_300ppp_-1-300x169.jpg 300w, https:\/\/unisa.secihti.mx\/SIGU-U\/WRP\/wp-content\/uploads\/2026\/02\/00-Slider-web_cancer-infantil_300ppp_-1-768x432.jpg 768w, https:\/\/unisa.secihti.mx\/SIGU-U\/WRP\/wp-content\/uploads\/2026\/02\/00-Slider-web_cancer-infantil_300ppp_-1-1536x864.jpg 1536w, https:\/\/unisa.secihti.mx\/SIGU-U\/WRP\/wp-content\/uploads\/2026\/02\/00-Slider-web_cancer-infantil_300ppp_-1-2048x1152.jpg 2048w\" sizes=\"auto, (max-width: 1024px) 100vw, 1024px\" \/><\/figure>\n<\/div>\n\n\n\n<div class=\"wp-block-uagb-container uagb-block-704203f4\">\n<figure class=\"wp-block-image size-large\"><img loading=\"lazy\" decoding=\"async\" width=\"1024\" height=\"576\" src=\"https:\/\/unisa.secihti.mx\/SIGU-U\/WRP\/wp-content\/uploads\/2026\/03\/00-Slider-web_epilepsia_150ppp_Mesa-de-trabajo-1-1024x576.png\" alt=\"\" class=\"wp-image-4597\" srcset=\"https:\/\/unisa.secihti.mx\/SIGU-U\/WRP\/wp-content\/uploads\/2026\/03\/00-Slider-web_epilepsia_150ppp_Mesa-de-trabajo-1-1024x576.png 1024w, https:\/\/unisa.secihti.mx\/SIGU-U\/WRP\/wp-content\/uploads\/2026\/03\/00-Slider-web_epilepsia_150ppp_Mesa-de-trabajo-1-300x169.png 300w, https:\/\/unisa.secihti.mx\/SIGU-U\/WRP\/wp-content\/uploads\/2026\/03\/00-Slider-web_epilepsia_150ppp_Mesa-de-trabajo-1-768x432.png 768w, https:\/\/unisa.secihti.mx\/SIGU-U\/WRP\/wp-content\/uploads\/2026\/03\/00-Slider-web_epilepsia_150ppp_Mesa-de-trabajo-1.png 1334w\" sizes=\"auto, (max-width: 1024px) 100vw, 1024px\" \/><\/figure>\n<\/div>\n\n\n\n<div class=\"wp-block-uagb-container uagb-block-8823351b\">\n<div class=\"wp-block-group is-nowrap is-layout-flex wp-container-core-group-is-layout-6c531013 wp-block-group-is-layout-flex\">\n<div class=\"wp-block-file\"><a id=\"wp-block-file--media-c418df34-d47d-4536-9431-f25095ec1751\" href=\"https:\/\/unisa.secihti.mx\/SIGU-U\/WRP\/wp-content\/uploads\/2025\/03\/El-Cancer-Infantil-en-Mexico.pdf\" target=\"_blank\" rel=\"noreferrer noopener\">D\u00eda Mundial de la Epilepsia<\/a><a href=\"https:\/\/unisa.secihti.mx\/SIGU-U\/WRP\/wp-content\/uploads\/2025\/03\/El-Cancer-Infantil-en-Mexico.pdf\" class=\"wp-block-file__button wp-element-button\" download aria-describedby=\"wp-block-file--media-c418df34-d47d-4536-9431-f25095ec1751\">Descarga<\/a><\/div>\n<\/div>\n<\/div>\n<\/div><\/div>\n\n\n\n<div class=\"wp-block-uagb-container uagb-block-be5f35e1 alignfull uagb-is-root-container\"><div class=\"uagb-container-inner-blocks-wrap\">\n<div class=\"wp-block-uagb-container uagb-block-e12bf556\">\n<div class=\"wp-block-file\"><a id=\"wp-block-file--media-fe95ff4d-774d-4710-be45-99778709eb8f\" href=\"https:\/\/unisa.secihti.mx\/SIGU-U\/WRP\/wp-content\/uploads\/2025\/03\/Por-que-seguir-luchando_8M.pdf\" target=\"_blank\" rel=\"noreferrer noopener\">D\u00eda Mundial de las Personas <br>con Discapacidad<\/a><a href=\"https:\/\/unisa.secihti.mx\/SIGU-U\/WRP\/wp-content\/uploads\/2025\/03\/Por-que-seguir-luchando_8M.pdf\" class=\"wp-block-file__button wp-element-button\" download aria-describedby=\"wp-block-file--media-fe95ff4d-774d-4710-be45-99778709eb8f\">Descarga<\/a><\/div>\n<\/div>\n\n\n\n<div class=\"wp-block-uagb-container uagb-block-46c932ea\">\n<figure class=\"wp-block-image size-large\"><img loading=\"lazy\" decoding=\"async\" width=\"1024\" height=\"576\" src=\"https:\/\/unisa.secihti.mx\/SIGU-U\/WRP\/wp-content\/uploads\/2026\/03\/00-Slider-Divulgacion_Dia-de-las-Personas-con-Discapacidad_150ppp_Mesa-de-trabajo-1-1024x576.png\" alt=\"\" class=\"wp-image-4609\" srcset=\"https:\/\/unisa.secihti.mx\/SIGU-U\/WRP\/wp-content\/uploads\/2026\/03\/00-Slider-Divulgacion_Dia-de-las-Personas-con-Discapacidad_150ppp_Mesa-de-trabajo-1-1024x576.png 1024w, https:\/\/unisa.secihti.mx\/SIGU-U\/WRP\/wp-content\/uploads\/2026\/03\/00-Slider-Divulgacion_Dia-de-las-Personas-con-Discapacidad_150ppp_Mesa-de-trabajo-1-300x169.png 300w, https:\/\/unisa.secihti.mx\/SIGU-U\/WRP\/wp-content\/uploads\/2026\/03\/00-Slider-Divulgacion_Dia-de-las-Personas-con-Discapacidad_150ppp_Mesa-de-trabajo-1-768x432.png 768w, https:\/\/unisa.secihti.mx\/SIGU-U\/WRP\/wp-content\/uploads\/2026\/03\/00-Slider-Divulgacion_Dia-de-las-Personas-con-Discapacidad_150ppp_Mesa-de-trabajo-1.png 1334w\" sizes=\"auto, (max-width: 1024px) 100vw, 1024px\" \/><\/figure>\n<\/div>\n\n\n\n<div class=\"wp-block-uagb-container uagb-block-fba6ee07\">\n<figure class=\"wp-block-image size-large\"><img loading=\"lazy\" decoding=\"async\" width=\"1024\" height=\"576\" src=\"https:\/\/unisa.secihti.mx\/SIGU-U\/WRP\/wp-content\/uploads\/2026\/03\/Slider_Web_Sitio_Dia_SIDA_300ppp_1_-1024x576.jpg\" alt=\"\" class=\"wp-image-4610\" srcset=\"https:\/\/unisa.secihti.mx\/SIGU-U\/WRP\/wp-content\/uploads\/2026\/03\/Slider_Web_Sitio_Dia_SIDA_300ppp_1_-1024x576.jpg 1024w, https:\/\/unisa.secihti.mx\/SIGU-U\/WRP\/wp-content\/uploads\/2026\/03\/Slider_Web_Sitio_Dia_SIDA_300ppp_1_-300x169.jpg 300w, https:\/\/unisa.secihti.mx\/SIGU-U\/WRP\/wp-content\/uploads\/2026\/03\/Slider_Web_Sitio_Dia_SIDA_300ppp_1_-768x432.jpg 768w, https:\/\/unisa.secihti.mx\/SIGU-U\/WRP\/wp-content\/uploads\/2026\/03\/Slider_Web_Sitio_Dia_SIDA_300ppp_1_-1536x864.jpg 1536w, https:\/\/unisa.secihti.mx\/SIGU-U\/WRP\/wp-content\/uploads\/2026\/03\/Slider_Web_Sitio_Dia_SIDA_300ppp_1_-2048x1152.jpg 2048w\" sizes=\"auto, (max-width: 1024px) 100vw, 1024px\" \/><\/figure>\n<\/div>\n\n\n\n<div class=\"wp-block-uagb-container uagb-block-73ea4186\">\n<div class=\"wp-block-group is-nowrap is-layout-flex wp-container-core-group-is-layout-6c531013 wp-block-group-is-layout-flex\">\n<div class=\"wp-block-file\"><a id=\"wp-block-file--media-1ab99214-4d68-4383-8df9-abcf4c993d2c\" href=\"https:\/\/unisa.secihti.mx\/SIGU-U\/WRP\/wp-content\/uploads\/2025\/03\/Historia-del-dia-de-la-mujer_8M.pdf\" target=\"_blank\" rel=\"noreferrer noopener\">D\u00eda Mundial del SIDA<\/a><a href=\"https:\/\/unisa.secihti.mx\/SIGU-U\/WRP\/wp-content\/uploads\/2025\/03\/Historia-del-dia-de-la-mujer_8M.pdf\" class=\"wp-block-file__button wp-element-button\" download aria-describedby=\"wp-block-file--media-1ab99214-4d68-4383-8df9-abcf4c993d2c\">Descarga<\/a><\/div>\n<\/div>\n<\/div>\n<\/div><\/div>\n\n\n\n<p><\/p>\n\n\n\n<p><\/p>\n\n\n\n<div class=\"wp-block-uagb-advanced-heading uagb-block-e5ec0bd3\"><h2 class=\"uagb-heading-text\">Contenidos de la comunidad UNISA<\/h2><\/div>\n\n\n\n<p><\/p>\n\n\n\n<p>En este espacio encontrar\u00e1s materiales creados por la comunidad universitaria UNISA tales como carteles, infograf\u00edas, esquemas y otros materiales acad\u00e9micos que podr\u00e1s consultar en cualquier&nbsp;momento.<\/p>\n\n\n\n\t\t\t<div class=\"wp-block-uagb-post-carousel uagb-post-grid  uagb-post__image-position-top uagb-post__image-enabled uagb-block-cb3a6dd6     uagb-post__arrow-outside uagb-slick-carousel uagb-post__items uagb-post__columns-2 is-carousel uagb-post__columns-tablet-2 uagb-post__columns-mobile-1\" data-total=\"1\" style=\"\">\n\n\t\t\t\t\t\t\t\t\t\t\t\t<article class=\"uagb-post__inner-wrap\">\t\t\t\t\t\t\t\t<h4 class=\"uagb-post__title uagb-post__text\">\n\t\t\t\t<a href=\"https:\/\/unisa.secihti.mx\/SIGU-U\/WRP\/blog\/2025\/05\/22\/carteles-de-practicas-clinicas\/\" target=\"_self\" rel=\"bookmark noopener noreferrer\">Carteles de pr\u00e1cticas cl\u00ednicas<\/a>\n\t\t\t<\/h4>\n\t\t\t\t\t\t<div class='uagb-post__text uagb-post-grid-byline'>\n\t\t\t\t\t\t\t<\/div>\n\t\t\t\t\t\t\t<div class='uagb-post__text uagb-post__excerpt'>\n\t\t\t\t\t<p>Pr\u00e1cticas cl\u00ednicasUnidad M\u00e9dica Familiar -7 Tlalpan Instituto Mexicano del Seguro Social<\/p>\n\t\t\t\t<\/div>\n\t\t\t\t\t\t<div class=\"uagb-post__text uagb-post__cta wp-block-button\">\n\t\t\t\t<a class=\"wp-block-button__link uagb-text-link\" style=\"\" href=\"https:\/\/unisa.secihti.mx\/SIGU-U\/WRP\/blog\/2025\/05\/22\/carteles-de-practicas-clinicas\/\" target=\"_self\" rel=\"bookmark noopener noreferrer\">Leer m\u00e1s<\/a>\n\t\t\t<\/div>\n\t\t\t\n\t\t\t\t\t\t\t\t\t<\/article>\n\t\t\t\t\t\t\t\t\t\t\t\t\t\t\t\t<article class=\"uagb-post__inner-wrap\">\t\t\t\t\t\t\t\t<div class='uagb-post__image'>\n\t\t\t\t\t\t\t\t\t<a href=\"https:\/\/unisa.secihti.mx\/SIGU-U\/WRP\/blog\/2025\/04\/21\/salud-humanizada\/\" target=\"_self\" rel=\"bookmark noopener noreferrer\"><img loading=\"lazy\" decoding=\"async\" width=\"1024\" height=\"576\" src=\"https:\/\/unisa.secihti.mx\/SIGU-U\/WRP\/wp-content\/uploads\/2025\/04\/07-Slider-web_Convocatoria-carteles-salud-humanizada_1-1-1024x576.png\" class=\"attachment-large size-large\" alt=\"\" srcset=\"https:\/\/unisa.secihti.mx\/SIGU-U\/WRP\/wp-content\/uploads\/2025\/04\/07-Slider-web_Convocatoria-carteles-salud-humanizada_1-1-1024x576.png 1024w, https:\/\/unisa.secihti.mx\/SIGU-U\/WRP\/wp-content\/uploads\/2025\/04\/07-Slider-web_Convocatoria-carteles-salud-humanizada_1-1-300x169.png 300w, https:\/\/unisa.secihti.mx\/SIGU-U\/WRP\/wp-content\/uploads\/2025\/04\/07-Slider-web_Convocatoria-carteles-salud-humanizada_1-1-768x432.png 768w, https:\/\/unisa.secihti.mx\/SIGU-U\/WRP\/wp-content\/uploads\/2025\/04\/07-Slider-web_Convocatoria-carteles-salud-humanizada_1-1.png 1334w\" sizes=\"auto, (max-width: 1024px) 100vw, 1024px\" \/>\t\t\t\t\t<\/a>\n\t\t\t\t\t\t\t\t\t<\/div>\n\t\t\t\t\t\t<h4 class=\"uagb-post__title uagb-post__text\">\n\t\t\t\t<a href=\"https:\/\/unisa.secihti.mx\/SIGU-U\/WRP\/blog\/2025\/04\/21\/salud-humanizada\/\" target=\"_self\" rel=\"bookmark noopener noreferrer\">Exposici\u00f3n de carteles                                               Salud como Derecho Humano<\/a>\n\t\t\t<\/h4>\n\t\t\t\t\t\t<div class='uagb-post__text uagb-post-grid-byline'>\n\t\t\t\t\t\t\t<\/div>\n\t\t\t\t\t\t\t<div class='uagb-post__text uagb-post__excerpt'>\n\t\t\t\t\t<p>1er lugar Salud como Derecho Humano 2do lugar La diversidad tambi\u00e9n necesita cuidado 3er lugar&#8230;\t\t\t\t<\/div>\n\t\t\t\t\t\t<div class=\"uagb-post__text uagb-post__cta wp-block-button\">\n\t\t\t\t<a class=\"wp-block-button__link uagb-text-link\" style=\"\" href=\"https:\/\/unisa.secihti.mx\/SIGU-U\/WRP\/blog\/2025\/04\/21\/salud-humanizada\/\" target=\"_self\" rel=\"bookmark noopener noreferrer\">Leer m\u00e1s<\/a>\n\t\t\t<\/div>\n\t\t\t\n\t\t\t\t\t\t\t\t\t<\/article>\n\t\t\t\t\t\t\t\t\t\t\t\t\t\t\t\t<article class=\"uagb-post__inner-wrap\">\t\t\t\t\t\t\t\t<div class='uagb-post__image'>\n\t\t\t\t\t\t\t\t\t<a href=\"https:\/\/unisa.secihti.mx\/SIGU-U\/WRP\/blog\/2025\/04\/10\/1er-congreso-de-cartel-en-investigacion-y-practica-clinica\/\" target=\"_self\" rel=\"bookmark noopener noreferrer\"><img loading=\"lazy\" decoding=\"async\" width=\"1024\" height=\"576\" src=\"https:\/\/unisa.secihti.mx\/SIGU-U\/WRP\/wp-content\/uploads\/2025\/04\/07-Slider-web_Cartel-concurso_Mesa-de-trabajo-1-1-1024x576.png\" class=\"attachment-large size-large\" alt=\"\" srcset=\"https:\/\/unisa.secihti.mx\/SIGU-U\/WRP\/wp-content\/uploads\/2025\/04\/07-Slider-web_Cartel-concurso_Mesa-de-trabajo-1-1-1024x576.png 1024w, https:\/\/unisa.secihti.mx\/SIGU-U\/WRP\/wp-content\/uploads\/2025\/04\/07-Slider-web_Cartel-concurso_Mesa-de-trabajo-1-1-300x169.png 300w, https:\/\/unisa.secihti.mx\/SIGU-U\/WRP\/wp-content\/uploads\/2025\/04\/07-Slider-web_Cartel-concurso_Mesa-de-trabajo-1-1-768x432.png 768w, https:\/\/unisa.secihti.mx\/SIGU-U\/WRP\/wp-content\/uploads\/2025\/04\/07-Slider-web_Cartel-concurso_Mesa-de-trabajo-1-1.png 1334w\" sizes=\"auto, (max-width: 1024px) 100vw, 1024px\" \/>\t\t\t\t\t<\/a>\n\t\t\t\t\t\t\t\t\t<\/div>\n\t\t\t\t\t\t<h4 class=\"uagb-post__title uagb-post__text\">\n\t\t\t\t<a href=\"https:\/\/unisa.secihti.mx\/SIGU-U\/WRP\/blog\/2025\/04\/10\/1er-congreso-de-cartel-en-investigacion-y-practica-clinica\/\" target=\"_self\" rel=\"bookmark noopener noreferrer\">1er Congreso de Cartel en Investigaci\u00f3n y Pr\u00e1ctica Cl\u00ednica<\/a>\n\t\t\t<\/h4>\n\t\t\t\t\t\t<div class='uagb-post__text uagb-post-grid-byline'>\n\t\t\t\t\t\t\t<\/div>\n\t\t\t\t\t\t\t<div class='uagb-post__text uagb-post__excerpt'>\n\t\t\t\t\t\t\t\t\t<\/div>\n\t\t\t\t\t\t<div class=\"uagb-post__text uagb-post__cta wp-block-button\">\n\t\t\t\t<a class=\"wp-block-button__link uagb-text-link\" style=\"\" href=\"https:\/\/unisa.secihti.mx\/SIGU-U\/WRP\/blog\/2025\/04\/10\/1er-congreso-de-cartel-en-investigacion-y-practica-clinica\/\" target=\"_self\" rel=\"bookmark noopener noreferrer\">Leer m\u00e1s<\/a>\n\t\t\t<\/div>\n\t\t\t\n\t\t\t\t\t\t\t\t\t<\/article>\n\t\t\t\t\t\t\t\t\t\t\t\t\t\t\t\t<article class=\"uagb-post__inner-wrap\">\t\t\t\t\t\t\t\t<div class='uagb-post__image'>\n\t\t\t\t\t\t\t\t\t<a href=\"https:\/\/unisa.secihti.mx\/SIGU-U\/WRP\/blog\/2025\/03\/19\/carteles-inmunidad-innata\/\" target=\"_self\" rel=\"bookmark noopener noreferrer\"><img loading=\"lazy\" decoding=\"async\" width=\"1024\" height=\"576\" src=\"https:\/\/unisa.secihti.mx\/SIGU-U\/WRP\/wp-content\/uploads\/2025\/03\/03-Slider-web_carteles-inmunidad-innata-01-1024x576.png\" class=\"attachment-large size-large\" alt=\"\" srcset=\"https:\/\/unisa.secihti.mx\/SIGU-U\/WRP\/wp-content\/uploads\/2025\/03\/03-Slider-web_carteles-inmunidad-innata-01-1024x576.png 1024w, https:\/\/unisa.secihti.mx\/SIGU-U\/WRP\/wp-content\/uploads\/2025\/03\/03-Slider-web_carteles-inmunidad-innata-01-300x169.png 300w, https:\/\/unisa.secihti.mx\/SIGU-U\/WRP\/wp-content\/uploads\/2025\/03\/03-Slider-web_carteles-inmunidad-innata-01-768x432.png 768w, https:\/\/unisa.secihti.mx\/SIGU-U\/WRP\/wp-content\/uploads\/2025\/03\/03-Slider-web_carteles-inmunidad-innata-01.png 1334w\" sizes=\"auto, (max-width: 1024px) 100vw, 1024px\" \/>\t\t\t\t\t<\/a>\n\t\t\t\t\t\t\t\t\t<\/div>\n\t\t\t\t\t\t<h4 class=\"uagb-post__title uagb-post__text\">\n\t\t\t\t<a href=\"https:\/\/unisa.secihti.mx\/SIGU-U\/WRP\/blog\/2025\/03\/19\/carteles-inmunidad-innata\/\" target=\"_self\" rel=\"bookmark noopener noreferrer\">Carteles \u201cInmunidad Innata\u201d<\/a>\n\t\t\t<\/h4>\n\t\t\t\t\t\t<div class='uagb-post__text uagb-post-grid-byline'>\n\t\t\t\t\t\t\t<\/div>\n\t\t\t\t\t\t\t<div class='uagb-post__text uagb-post__excerpt'>\n\t\t\t\t\t<p>Carteles informativos sobre \u201cInmunidad Innata\u201d elaborados por estudiantes de la Licenciatura de Medicina Familiar y&#8230;\t\t\t\t<\/div>\n\t\t\t\t\t\t<div class=\"uagb-post__text uagb-post__cta wp-block-button\">\n\t\t\t\t<a class=\"wp-block-button__link uagb-text-link\" style=\"\" href=\"https:\/\/unisa.secihti.mx\/SIGU-U\/WRP\/blog\/2025\/03\/19\/carteles-inmunidad-innata\/\" target=\"_self\" rel=\"bookmark noopener noreferrer\">Leer m\u00e1s<\/a>\n\t\t\t<\/div>\n\t\t\t\n\t\t\t\t\t\t\t\t\t<\/article>\n\t\t\t\t\t\t\t\t\t\t\t<\/div>\n\t\t\t\n\n\n<p><\/p>\n","protected":false},"excerpt":{"rendered":"<p>Repositorio Sistemas de Informaci\u00f3n Publicaciones peri\u00f3dicas Infograf\u00edas Contenidos de la comunidad UNISA En este espacio encontrar\u00e1s materiales creados por la [&hellip;]<\/p>\n","protected":false},"author":1,"featured_media":0,"parent":0,"menu_order":0,"comment_status":"closed","ping_status":"closed","template":"","meta":{"_uag_custom_page_level_css":"","site-sidebar-layout":"default","site-content-layout":"","ast-site-content-layout":"default","site-content-style":"default","site-sidebar-style":"default","ast-global-header-display":"","ast-banner-title-visibility":"","ast-main-header-display":"","ast-hfb-above-header-display":"","ast-hfb-below-header-display":"","ast-hfb-mobile-header-display":"","site-post-title":"disabled","ast-breadcrumbs-content":"","ast-featured-img":"","footer-sml-layout":"","ast-disable-related-posts":"","theme-transparent-header-meta":"","adv-header-id-meta":"","stick-header-meta":"","header-above-stick-meta":"","header-main-stick-meta":"","header-below-stick-meta":"","astra-migrate-meta-layouts":"set","ast-page-background-enabled":"default","ast-page-background-meta":{"desktop":{"background-color":"var(--ast-global-color-4)","background-image":"","background-repeat":"repeat","background-position":"center center","background-size":"auto","background-attachment":"scroll","background-type":"","background-media":"","overlay-type":"","overlay-color":"","overlay-opacity":"","overlay-gradient":""},"tablet":{"background-color":"","background-image":"","background-repeat":"repeat","background-position":"center center","background-size":"auto","background-attachment":"scroll","background-type":"","background-media":"","overlay-type":"","overlay-color":"","overlay-opacity":"","overlay-gradient":""},"mobile":{"background-color":"","background-image":"","background-repeat":"repeat","background-position":"center center","background-size":"auto","background-attachment":"scroll","background-type":"","background-media":"","overlay-type":"","overlay-color":"","overlay-opacity":"","overlay-gradient":""}},"ast-content-background-meta":{"desktop":{"background-color":"var(--ast-global-color-5)","background-image":"","background-repeat":"repeat","background-position":"center center","background-size":"auto","background-attachment":"scroll","background-type":"","background-media":"","overlay-type":"","overlay-color":"","overlay-opacity":"","overlay-gradient":""},"tablet":{"background-color":"var(--ast-global-color-5)","background-image":"","background-repeat":"repeat","background-position":"center center","background-size":"auto","background-attachment":"scroll","background-type":"","background-media":"","overlay-type":"","overlay-color":"","overlay-opacity":"","overlay-gradient":""},"mobile":{"background-color":"var(--ast-global-color-5)","background-image":"","background-repeat":"repeat","background-position":"center center","background-size":"auto","background-attachment":"scroll","background-type":"","background-media":"","overlay-type":"","overlay-color":"","overlay-opacity":"","overlay-gradient":""}},"footnotes":""},"class_list":["post-1638","page","type-page","status-publish","hentry"],"uagb_featured_image_src":{"full":false,"thumbnail":false,"medium":false,"medium_large":false,"large":false,"1536x1536":false,"2048x2048":false},"uagb_author_info":{"display_name":"rlg","author_link":"https:\/\/unisa.secihti.mx\/SIGU-U\/WRP\/blog\/author\/rlg\/"},"uagb_comment_info":0,"uagb_excerpt":"Repositorio Sistemas de Informaci\u00f3n Publicaciones peri\u00f3dicas Infograf\u00edas Contenidos de la comunidad UNISA En este espacio encontrar\u00e1s materiales creados por la [&hellip;]","_links":{"self":[{"href":"https:\/\/unisa.secihti.mx\/SIGU-U\/WRP\/wp-json\/wp\/v2\/pages\/1638","targetHints":{"allow":["GET"]}}],"collection":[{"href":"https:\/\/unisa.secihti.mx\/SIGU-U\/WRP\/wp-json\/wp\/v2\/pages"}],"about":[{"href":"https:\/\/unisa.secihti.mx\/SIGU-U\/WRP\/wp-json\/wp\/v2\/types\/page"}],"author":[{"embeddable":true,"href":"https:\/\/unisa.secihti.mx\/SIGU-U\/WRP\/wp-json\/wp\/v2\/users\/1"}],"replies":[{"embeddable":true,"href":"https:\/\/unisa.secihti.mx\/SIGU-U\/WRP\/wp-json\/wp\/v2\/comments?post=1638"}],"version-history":[{"count":26,"href":"https:\/\/unisa.secihti.mx\/SIGU-U\/WRP\/wp-json\/wp\/v2\/pages\/1638\/revisions"}],"predecessor-version":[{"id":4612,"href":"https:\/\/unisa.secihti.mx\/SIGU-U\/WRP\/wp-json\/wp\/v2\/pages\/1638\/revisions\/4612"}],"wp:attachment":[{"href":"https:\/\/unisa.secihti.mx\/SIGU-U\/WRP\/wp-json\/wp\/v2\/media?parent=1638"}],"curies":[{"name":"wp","href":"https:\/\/api.w.org\/{rel}","templated":true}]}}