{"id":29,"date":"2024-11-14T19:02:10","date_gmt":"2024-11-14T19:02:10","guid":{"rendered":"https:\/\/unisa.secihti.mx\/SIGU-U\/WRP\/home-2\/"},"modified":"2026-03-25T02:25:03","modified_gmt":"2026-03-25T02:25:03","slug":"home-2","status":"publish","type":"page","link":"https:\/\/unisa.secihti.mx\/SIGU-U\/WRP\/","title":{"rendered":"Home"},"content":{"rendered":"\n<div class=\"wp-block-uagb-container uagb-block-bbf39627 alignfull uagb-is-root-container\"><div class=\"uagb-container-inner-blocks-wrap\">\n<div class=\"wp-block-uagb-advanced-heading uagb-block-73e2eab2\"><h2 class=\"uagb-heading-text\">Portal de Divulgaci\u00f3n Universitario<\/h2><p class=\"uagb-desc-text\">Universidad de la Salud<\/p><\/div>\n\n\n\n<p class=\"has-text-align-center has-ast-global-color-5-color has-text-color has-link-color wp-elements-88b3bfdb67679c171de0026855cd3d2e\" style=\"font-size:30px\">Extensi\u00f3n y Difusi\u00f3n Universitaria<\/p>\n<\/div><\/div>\n\n\n\n<div class=\"wp-block-uagb-container uagb-block-e7866b07 alignfull uagb-is-root-container\"><div class=\"uagb-container-inner-blocks-wrap\">\n<div class=\"wp-block-uagb-advanced-heading uagb-block-0a58fff5\" id=\"Nuestra-plataforma\"><h2 class=\"uagb-heading-text\">Explora Nuestra Plataforma<\/h2><\/div>\n\n\n\n<div class=\"wp-block-columns is-layout-flex wp-container-core-columns-is-layout-28f84493 wp-block-columns-is-layout-flex\">\n<div class=\"wp-block-column is-layout-flow wp-block-column-is-layout-flow\" style=\"padding-right:var(--wp--preset--spacing--40);padding-left:var(--wp--preset--spacing--40)\">\n<div class=\"wp-block-uagb-image uagb-block-8b90da1e wp-block-uagb-image--layout-default wp-block-uagb-image--effect-static wp-block-uagb-image--align-none\"><figure class=\"wp-block-uagb-image__figure\"><a class=\"\" href=\"https:\/\/unisa.secihti.mx\/SIGU-U\/WRP\/repositorio\/\" target=\"\" rel=\"noopener\"><img decoding=\"async\" srcset=\"https:\/\/unisa.secihti.mx\/SIGU-U\/WRP\/wp-content\/uploads\/2025\/07\/Nuevos-Iconos-Divulgacion-Y-Repositorio-01-1024x1024.png ,https:\/\/unisa.secihti.mx\/SIGU-U\/WRP\/wp-content\/uploads\/2025\/07\/Nuevos-Iconos-Divulgacion-Y-Repositorio-01.png 780w, https:\/\/unisa.secihti.mx\/SIGU-U\/WRP\/wp-content\/uploads\/2025\/07\/Nuevos-Iconos-Divulgacion-Y-Repositorio-01.png 360w\" sizes=\"auto, (max-width: 480px) 150px\" src=\"https:\/\/unisa.secihti.mx\/SIGU-U\/WRP\/wp-content\/uploads\/2025\/07\/Nuevos-Iconos-Divulgacion-Y-Repositorio-01-1024x1024.png\" alt=\"\" class=\"uag-image-3648\" width=\"345\" height=\"345\" title=\"Nuevos Iconos Divulgacion Y Repositorio-01\" loading=\"lazy\" role=\"img\"\/><\/a><\/figure><\/div>\n\n\n\n<p class=\"has-text-align-center has-text-color has-link-color has-large-font-size wp-elements-6346643bae90f16f54f1afa576492ea4\" style=\"color:#9f2241\"><strong>Repositorio<\/strong><\/p>\n\n\n\n<p class=\"has-text-align-center\" style=\"border-style:none;border-width:0px;margin-right:0;margin-left:0\">Nuestra plataforma para la gesti\u00f3n digital del conocimiento con capacidad de almacenamiento de informaci\u00f3n y de f\u00e1cil acceso para el usuario.<\/p>\n<\/div>\n\n\n\n<div class=\"wp-block-column is-layout-flow wp-block-column-is-layout-flow\" style=\"padding-right:var(--wp--preset--spacing--40);padding-left:var(--wp--preset--spacing--40)\">\n<div class=\"wp-block-uagb-image uagb-block-6ef36efc wp-block-uagb-image--layout-default wp-block-uagb-image--effect-static wp-block-uagb-image--align-none\"><figure class=\"wp-block-uagb-image__figure\"><a class=\"\" href=\"https:\/\/unisa.secihti.mx\/SIGU-U\/WRP\/about\/\" target=\"\" rel=\"noopener\"><img decoding=\"async\" srcset=\"https:\/\/unisa.secihti.mx\/SIGU-U\/WRP\/wp-content\/uploads\/2025\/07\/Nuevos-Iconos-2-02-1024x1024.png ,https:\/\/unisa.secihti.mx\/SIGU-U\/WRP\/wp-content\/uploads\/2025\/07\/Nuevos-Iconos-2-02.png 780w, https:\/\/unisa.secihti.mx\/SIGU-U\/WRP\/wp-content\/uploads\/2025\/07\/Nuevos-Iconos-2-02.png 360w\" sizes=\"auto, (max-width: 480px) 150px\" src=\"https:\/\/unisa.secihti.mx\/SIGU-U\/WRP\/wp-content\/uploads\/2025\/07\/Nuevos-Iconos-2-02-1024x1024.png\" alt=\"\" class=\"uag-image-3650\" width=\"348\" height=\"323\" title=\"Nuevos Iconos 2-02\" loading=\"lazy\" role=\"img\"\/><\/a><\/figure><\/div>\n\n\n\n<p class=\"has-text-align-center has-text-color has-link-color has-large-font-size wp-elements-1e3cb42ed20cbb265cdcad9b36c5759f\" style=\"color:#9f2241\"><strong>Divulgaci\u00f3n<\/strong><\/p>\n\n\n\n<p class=\"has-text-align-center\">Esta es una herramienta por cuyo medio se promueve la circulaci\u00f3n del conocimiento cient\u00edfico y  la cultura en formatos diversos tales como carteles, infograf\u00edas, art\u00edculo, videoclips, podcast, etc\u00e9tera.<\/p>\n<\/div>\n\n\n\n<div class=\"wp-block-column is-layout-flow wp-block-column-is-layout-flow\" style=\"padding-right:var(--wp--preset--spacing--50);padding-left:var(--wp--preset--spacing--50)\">\n<div class=\"wp-block-uagb-image uagb-block-fe7b4c79 wp-block-uagb-image--layout-default wp-block-uagb-image--effect-static wp-block-uagb-image--align-none\"><figure class=\"wp-block-uagb-image__figure\"><a class=\"\" href=\"https:\/\/unisa.secihti.mx\/SIGU-U\/WRP\/serviciosdeextension\/\" target=\"\" rel=\"noopener\"><img decoding=\"async\" srcset=\"https:\/\/unisa.secihti.mx\/SIGU-U\/WRP\/wp-content\/uploads\/2025\/07\/Simbolo-serv-de-extension_Mesa-de-trabajo-1-1024x1024.png ,https:\/\/unisa.secihti.mx\/SIGU-U\/WRP\/wp-content\/uploads\/2025\/07\/Simbolo-serv-de-extension_Mesa-de-trabajo-1.png 780w, https:\/\/unisa.secihti.mx\/SIGU-U\/WRP\/wp-content\/uploads\/2025\/07\/Simbolo-serv-de-extension_Mesa-de-trabajo-1.png 360w\" sizes=\"auto, (max-width: 480px) 150px\" src=\"https:\/\/unisa.secihti.mx\/SIGU-U\/WRP\/wp-content\/uploads\/2025\/07\/Simbolo-serv-de-extension_Mesa-de-trabajo-1-1024x1024.png\" alt=\"\" class=\"uag-image-3802\" width=\"348\" height=\"348\" title=\"Simbolo serv de extensi\u00f3n_Mesa de trabajo 1\" loading=\"lazy\" role=\"img\"\/><\/a><\/figure><\/div>\n\n\n\n<p class=\"has-text-align-center has-text-color has-link-color has-large-font-size wp-elements-1e68fdaf157f9a29b5ac22261e378d7f\" style=\"color:#9f2241\"><strong>Servicios de Extensi\u00f3n<\/strong><\/p>\n\n\n\n<p class=\"has-text-align-center\">Nos encargamos de vincular, crear y llevar a cabo programas y proyectos pensados para la comunidad, con actividades que tengan un impacto positivo en el bienestar social.<\/p>\n<\/div>\n<\/div>\n<\/div><\/div>\n\n\n\n<p><\/p>\n\n\n\n<div class=\"wp-block-uagb-container uagb-block-079a0054 alignfull uagb-is-root-container\"><div class=\"uagb-container-inner-blocks-wrap\"><\/div><\/div>\n\n\n\n<div class=\"wp-block-uagb-container uagb-layout-flex uagb-block-e75a8bc7 alignfull uagb-is-root-container\"><div class=\"uagb-container-inner-blocks-wrap\">\n<div class=\"wp-block-uagb-container uagb-block-6520c632\">\n<div class=\"wp-block-uagb-slider uagb-block-d2c93184 uagb-slider-container\"><div class=\"uagb-slides uagb-swiper\"><div class=\"swiper-wrapper\">\n<div class=\"wp-block-uagb-slider-child uagb-slider-child-wrap swiper-slide uagb-block-4d52257e\"><div class=\"swiper-content\">\n<div class=\"wp-block-uagb-container uagb-block-471c964d\">\n<figure class=\"wp-block-image size-large\"><a href=\"https:\/\/www.inegi.org.mx\/contenidos\/saladeprensa\/aproposito\/2026\/EAP_lengmat_26.pdf\"><img loading=\"lazy\" decoding=\"async\" width=\"1024\" height=\"576\" src=\"https:\/\/unisa.secihti.mx\/SIGU-U\/WRP\/wp-content\/uploads\/2026\/02\/Cartel-Dif-Ex-V2_INEGI-21-febrero_Slider-1024x576.png\" alt=\"\" class=\"wp-image-4580\" srcset=\"https:\/\/unisa.secihti.mx\/SIGU-U\/WRP\/wp-content\/uploads\/2026\/02\/Cartel-Dif-Ex-V2_INEGI-21-febrero_Slider-1024x576.png 1024w, https:\/\/unisa.secihti.mx\/SIGU-U\/WRP\/wp-content\/uploads\/2026\/02\/Cartel-Dif-Ex-V2_INEGI-21-febrero_Slider-300x169.png 300w, https:\/\/unisa.secihti.mx\/SIGU-U\/WRP\/wp-content\/uploads\/2026\/02\/Cartel-Dif-Ex-V2_INEGI-21-febrero_Slider-768x432.png 768w, https:\/\/unisa.secihti.mx\/SIGU-U\/WRP\/wp-content\/uploads\/2026\/02\/Cartel-Dif-Ex-V2_INEGI-21-febrero_Slider.png 1335w\" sizes=\"auto, (max-width: 1024px) 100vw, 1024px\" \/><\/a><\/figure>\n<\/div>\n<\/div><\/div>\n\n\n\n<div class=\"wp-block-uagb-slider-child uagb-slider-child-wrap swiper-slide uagb-block-be81b9d7\"><div class=\"swiper-content\">\n<div class=\"wp-block-uagb-container uagb-block-f1dc84e6\">\n<div class=\"wp-block-uagb-image uagb-block-49e3ca67 wp-block-uagb-image--layout-default wp-block-uagb-image--effect-static wp-block-uagb-image--align-none\"><figure class=\"wp-block-uagb-image__figure\"><a class=\"\" href=\"https:\/\/unisa.secihti.mx\/SIGU-U\/WRP\/wp-content\/uploads\/2025\/09\/Club-neurociencias-carta.pdf\" target=\"\" rel=\"noopener\"><img decoding=\"async\" srcset=\"https:\/\/unisa.secihti.mx\/SIGU-U\/WRP\/wp-content\/uploads\/2026\/03\/00-Slider-web_dia-cultural-marzo-26_Mesa-de-trabajo-1-copia_Mesa-de-trabajo-1-copia-1024x576.png ,https:\/\/unisa.secihti.mx\/SIGU-U\/WRP\/wp-content\/uploads\/2026\/03\/00-Slider-web_dia-cultural-marzo-26_Mesa-de-trabajo-1-copia_Mesa-de-trabajo-1-copia.png 780w, https:\/\/unisa.secihti.mx\/SIGU-U\/WRP\/wp-content\/uploads\/2026\/03\/00-Slider-web_dia-cultural-marzo-26_Mesa-de-trabajo-1-copia_Mesa-de-trabajo-1-copia.png 360w\" sizes=\"auto, (max-width: 480px) 150px\" src=\"https:\/\/unisa.secihti.mx\/SIGU-U\/WRP\/wp-content\/uploads\/2026\/03\/00-Slider-web_dia-cultural-marzo-26_Mesa-de-trabajo-1-copia_Mesa-de-trabajo-1-copia-1024x576.png\" alt=\"\" class=\"uag-image-4631\" width=\"1024\" height=\"576\" title=\"00 Slider web_dia cultural marzo 26_Mesa de trabajo 1 copia_Mesa de trabajo 1 copia\" loading=\"lazy\" role=\"img\"\/><\/a><\/figure><\/div>\n<\/div>\n<\/div><\/div>\n\n\n\n<div class=\"wp-block-uagb-slider-child uagb-slider-child-wrap swiper-slide uagb-block-540b9aa1\"><div class=\"swiper-content\">\n<div class=\"wp-block-uagb-container uagb-block-77e0f46a\">\n<div class=\"wp-block-uagb-image uagb-block-2af9416e wp-block-uagb-image--layout-default wp-block-uagb-image--effect-static wp-block-uagb-image--align-none\"><figure class=\"wp-block-uagb-image__figure\"><a class=\"\" href=\"https:\/\/view.genially.com\/698e05fc8ba1727c1b756f15\/interactive-content-programa-editorial-2024-2027\" target=\"\" rel=\"noopener\"><img decoding=\"async\" srcset=\"https:\/\/unisa.secihti.mx\/SIGU-U\/WRP\/wp-content\/uploads\/2026\/03\/03-Slider-web_Productos-editoriales_01-1024x576.png ,https:\/\/unisa.secihti.mx\/SIGU-U\/WRP\/wp-content\/uploads\/2026\/03\/03-Slider-web_Productos-editoriales_01.png 780w, https:\/\/unisa.secihti.mx\/SIGU-U\/WRP\/wp-content\/uploads\/2026\/03\/03-Slider-web_Productos-editoriales_01.png 360w\" sizes=\"auto, (max-width: 480px) 150px\" src=\"https:\/\/unisa.secihti.mx\/SIGU-U\/WRP\/wp-content\/uploads\/2026\/03\/03-Slider-web_Productos-editoriales_01-1024x576.png\" alt=\"\" class=\"uag-image-4620\" width=\"1024\" height=\"576\" title=\"03 Slider web_Productos editoriales_01\" loading=\"lazy\" role=\"img\"\/><\/a><\/figure><\/div>\n<\/div>\n\n\n\n<p class=\"has-text-align-center has-medium-font-size\">Participa en estos libros.<\/p>\n<\/div><\/div>\n\n\n\n<div class=\"wp-block-uagb-slider-child uagb-slider-child-wrap swiper-slide uagb-block-d4b58070\"><div class=\"swiper-content\">\n<div class=\"wp-block-uagb-container uagb-block-faf37532\">\n<div class=\"wp-block-uagb-info-box uagb-block-94faa70d uagb-infobox__content-wrap  uagb-infobox_cta-type-all uagb-infobox-icon-above-title uagb-infobox-image-valign-top\"><a href=\"https:\/\/unisa.secihti.mx\/SIGU-U\/WRP\/blog\/2026\/01\/06\/divulgacion-del-conocimiento-universitario\/\" class=\"uagb-infobox-link-wrap uagb-infbox__link-to-all\" target=\"_self\" aria-label=\"Infobox Link\" rel=\"noopener noreferrer\" onclick=\"return true;\"><\/a><div class=\"uagb-ifb-content\"><div class=\"uagb-ifb-image-content\"><img decoding=\"async\" src=\"https:\/\/unisa.secihti.mx\/SIGU-U\/WRP\/wp-content\/uploads\/2026\/01\/01-Slider-web_Convocatoria-divulgacion_05-ENE-2025_72ppp_01.jpg\" alt=\"\" width=\"\" height=\"0\" loading=\"lazy\"\/><\/div><div class=\"uagb-ifb-title-wrap\"><\/div><div class=\"uagb-ifb-button-wrapper wp-block-button\"><\/div><\/div><\/div>\n<\/div>\n<\/div><\/div>\n\n\n\n<div class=\"wp-block-uagb-slider-child uagb-slider-child-wrap swiper-slide uagb-block-6587d09f\"><div class=\"swiper-content\">\n<div class=\"wp-block-uagb-container uagb-block-d9a593b3\">\n<div class=\"wp-block-uagb-info-box uagb-block-2d50d28e uagb-infobox__content-wrap  uagb-infobox_cta-type-all uagb-infobox-icon-above-title uagb-infobox-image-valign-top\"><a href=\"https:\/\/unisa.secihti.mx\/SIGU-U\/WRP\/blog\/2025\/12\/04\/ganadores-del-concurso-de-carteles-de-divulgacion-cientifica-y-proyectos-de-investigacion-2025\/\" class=\"uagb-infobox-link-wrap uagb-infbox__link-to-all\" target=\"_self\" aria-label=\"Infobox Link\" rel=\"noopener noreferrer\" onclick=\"return true;\"><\/a><div class=\"uagb-ifb-content\"><div class=\"uagb-ifb-image-content\"><img decoding=\"async\" src=\"https:\/\/unisa.secihti.mx\/SIGU-U\/WRP\/wp-content\/uploads\/2025\/12\/08-Slider-web_Concurso-de-carteles-congreso_01-1-1024x576.png\" alt=\"\" width=\"\" height=\"0\" loading=\"lazy\"\/><\/div><div class=\"uagb-ifb-title-wrap\"><\/div><div class=\"uagb-ifb-button-wrapper wp-block-button\"><\/div><\/div><\/div>\n<\/div>\n<\/div><\/div>\n\n\n\n<div class=\"wp-block-uagb-slider-child uagb-slider-child-wrap swiper-slide uagb-block-006292ff\"><div class=\"swiper-content\">\n<div class=\"wp-block-uagb-container uagb-block-a6d7e9e7\">\n<figure class=\"wp-block-image size-full\"><a href=\"https:\/\/puiree.cic.unam.mx\/estimulos\/premioRAM.php\"><img loading=\"lazy\" decoding=\"async\" width=\"1334\" height=\"751\" src=\"https:\/\/unisa.secihti.mx\/SIGU-U\/WRP\/wp-content\/uploads\/2025\/12\/PREMIO-NACIONAL-2_Slider-copia.png\" alt=\"\" class=\"wp-image-4388\" srcset=\"https:\/\/unisa.secihti.mx\/SIGU-U\/WRP\/wp-content\/uploads\/2025\/12\/PREMIO-NACIONAL-2_Slider-copia.png 1334w, https:\/\/unisa.secihti.mx\/SIGU-U\/WRP\/wp-content\/uploads\/2025\/12\/PREMIO-NACIONAL-2_Slider-copia-300x169.png 300w, https:\/\/unisa.secihti.mx\/SIGU-U\/WRP\/wp-content\/uploads\/2025\/12\/PREMIO-NACIONAL-2_Slider-copia-1024x576.png 1024w, https:\/\/unisa.secihti.mx\/SIGU-U\/WRP\/wp-content\/uploads\/2025\/12\/PREMIO-NACIONAL-2_Slider-copia-768x432.png 768w\" sizes=\"auto, (max-width: 1334px) 100vw, 1334px\" \/><\/a><\/figure>\n<\/div>\n<\/div><\/div>\n\n\n\n<div class=\"wp-block-uagb-slider-child uagb-slider-child-wrap swiper-slide uagb-block-3747937f\"><div class=\"swiper-content\">\n<div class=\"wp-block-uagb-container uagb-block-9e18e0c8\">\n<figure class=\"wp-block-image size-full\"><a href=\"https:\/\/www.youtube.com\/watch?v=8A__67EmcZs\"><img loading=\"lazy\" decoding=\"async\" width=\"1334\" height=\"750\" src=\"https:\/\/unisa.secihti.mx\/SIGU-U\/WRP\/wp-content\/uploads\/2025\/05\/01-Slider-web_Gaceta-universitaria-2_Mesa-de-trabajo-1.png\" alt=\"\" class=\"wp-image-2979\" srcset=\"https:\/\/unisa.secihti.mx\/SIGU-U\/WRP\/wp-content\/uploads\/2025\/05\/01-Slider-web_Gaceta-universitaria-2_Mesa-de-trabajo-1.png 1334w, https:\/\/unisa.secihti.mx\/SIGU-U\/WRP\/wp-content\/uploads\/2025\/05\/01-Slider-web_Gaceta-universitaria-2_Mesa-de-trabajo-1-300x169.png 300w, https:\/\/unisa.secihti.mx\/SIGU-U\/WRP\/wp-content\/uploads\/2025\/05\/01-Slider-web_Gaceta-universitaria-2_Mesa-de-trabajo-1-1024x576.png 1024w, https:\/\/unisa.secihti.mx\/SIGU-U\/WRP\/wp-content\/uploads\/2025\/05\/01-Slider-web_Gaceta-universitaria-2_Mesa-de-trabajo-1-768x432.png 768w\" sizes=\"auto, (max-width: 1334px) 100vw, 1334px\" \/><\/a><\/figure>\n<\/div>\n<\/div><\/div>\n<\/div><\/div><div class=\"swiper-pagination\"><\/div><div class=\"swiper-button-prev\"><\/div><div class=\"swiper-button-next\"><\/div><\/div>\n<\/div>\n\n\n\n<div class=\"wp-block-uagb-container uagb-block-bf753efa\">\n<header class=\"wp-block-uagb-advanced-heading uagb-block-8b828414\"><h2 class=\"uagb-heading-text\">Conoce las novedades               del portal <\/h2><\/header>\n\n\n\n<div class=\"wp-block-uagb-advanced-heading uagb-block-5c745f98\"><p class=\"uagb-heading-text\">Ofrecemos una amplia gama de materiales, desde acervos digitales hasta publicaciones gr\u00e1ficas, que enriquecen la experiencia educativa y cultural de nuestros usuarios.  <\/p><\/div>\n<\/div>\n<\/div><\/div>\n\n\n\n<div class=\"wp-block-uagb-container uagb-block-fd60b051 alignfull uagb-is-root-container\"><div class=\"uagb-container-inner-blocks-wrap\"><\/div><\/div>\n\n\n\n<div class=\"wp-block-uagb-container uagb-block-2a9574c8 alignfull uagb-is-root-container\"><div class=\"uagb-container-inner-blocks-wrap\">\n<div class=\"wp-block-uagb-info-box uagb-block-871f6ba5 uagb-infobox__content-wrap  uagb-infobox-icon-above-title uagb-infobox-image-valign-top\"><div class=\"uagb-ifb-content\"><div class=\"uagb-ifb-title-wrap\"><h2 class=\"uagb-ifb-title\">\u00danete a Nuestra Comunidad UNISA Difusi\u00f3n<\/h2><\/div><p class=\"uagb-ifb-desc\">Si tienes alg\u00fan proyecto escolar con tem\u00e1tica de salud, ciencia o cultura, como carteles, infograf\u00edas, esquemas o cualquier otro material acad\u00e9mico que quieras que todos lo vean publicado, no dudes en contactarnos.<br><br><strong>divulgacioncientifica@unisa.cdmx.gob.mx<\/strong><\/p><\/div><\/div>\n<\/div><\/div>\n\n\n\n<p><\/p>\n\n\n\n<h2 class=\"wp-block-heading has-text-align-center has-text-color has-link-color has-large-font-size wp-elements-149b2275b994051a52b47b633914eeac\" style=\"color:#bc955c\">Inscr\u00edbete a la Universidad de la Salud<\/h2>\n\n\n\n<figure class=\"wp-block-embed is-type-video is-provider-youtube wp-block-embed-youtube wp-embed-aspect-16-9 wp-has-aspect-ratio\"><div class=\"wp-block-embed__wrapper\">\n<iframe loading=\"lazy\" title=\"\u00a1YA SALI\u00d3! Convocatoria Unisa 2024-2025\" width=\"500\" height=\"281\" src=\"https:\/\/www.youtube.com\/embed\/g8xVldAeC0o?feature=oembed\" frameborder=\"0\" allow=\"accelerometer; autoplay; clipboard-write; encrypted-media; gyroscope; picture-in-picture; web-share\" referrerpolicy=\"strict-origin-when-cross-origin\" allowfullscreen><\/iframe>\n<\/div><\/figure>\n","protected":false},"excerpt":{"rendered":"<p>Portal de Divulgaci\u00f3n Universitario Universidad de la Salud Extensi\u00f3n y Difusi\u00f3n Universitaria Explora Nuestra Plataforma Repositorio Nuestra plataforma para la [&hellip;]<\/p>\n","protected":false},"author":1,"featured_media":0,"parent":0,"menu_order":0,"comment_status":"closed","ping_status":"closed","template":"","meta":{"_uag_custom_page_level_css":"","site-sidebar-layout":"default","site-content-layout":"page-builder","ast-site-content-layout":"full-width-container","site-content-style":"unboxed","site-sidebar-style":"unboxed","ast-global-header-display":"","ast-banner-title-visibility":"","ast-main-header-display":"","ast-hfb-above-header-display":"","ast-hfb-below-header-display":"","ast-hfb-mobile-header-display":"","site-post-title":"disabled","ast-breadcrumbs-content":"","ast-featured-img":"","footer-sml-layout":"","ast-disable-related-posts":"","theme-transparent-header-meta":"","adv-header-id-meta":"","stick-header-meta":"","header-above-stick-meta":"","header-main-stick-meta":"","header-below-stick-meta":"","astra-migrate-meta-layouts":"set","ast-page-background-enabled":"default","ast-page-background-meta":{"desktop":{"background-color":"var(--ast-global-color-4)","background-image":"","background-repeat":"repeat","background-position":"center center","background-size":"auto","background-attachment":"scroll","background-type":"","background-media":"","overlay-type":"","overlay-color":"","overlay-opacity":"","overlay-gradient":""},"tablet":{"background-color":"","background-image":"","background-repeat":"repeat","background-position":"center center","background-size":"auto","background-attachment":"scroll","background-type":"","background-media":"","overlay-type":"","overlay-color":"","overlay-opacity":"","overlay-gradient":""},"mobile":{"background-color":"","background-image":"","background-repeat":"repeat","background-position":"center center","background-size":"auto","background-attachment":"scroll","background-type":"","background-media":"","overlay-type":"","overlay-color":"","overlay-opacity":"","overlay-gradient":""}},"ast-content-background-meta":{"desktop":{"background-color":"var(--ast-global-color-5)","background-image":"","background-repeat":"repeat","background-position":"center center","background-size":"auto","background-attachment":"scroll","background-type":"","background-media":"","overlay-type":"","overlay-color":"","overlay-opacity":"","overlay-gradient":""},"tablet":{"background-color":"var(--ast-global-color-5)","background-image":"","background-repeat":"repeat","background-position":"center center","background-size":"auto","background-attachment":"scroll","background-type":"","background-media":"","overlay-type":"","overlay-color":"","overlay-opacity":"","overlay-gradient":""},"mobile":{"background-color":"var(--ast-global-color-5)","background-image":"","background-repeat":"repeat","background-position":"center center","background-size":"auto","background-attachment":"scroll","background-type":"","background-media":"","overlay-type":"","overlay-color":"","overlay-opacity":"","overlay-gradient":""}},"footnotes":""},"class_list":["post-29","page","type-page","status-publish","hentry"],"uagb_featured_image_src":{"full":false,"thumbnail":false,"medium":false,"medium_large":false,"large":false,"1536x1536":false,"2048x2048":false},"uagb_author_info":{"display_name":"rlg","author_link":"https:\/\/unisa.secihti.mx\/SIGU-U\/WRP\/blog\/author\/rlg\/"},"uagb_comment_info":0,"uagb_excerpt":"Portal de Divulgaci\u00f3n Universitario Universidad de la Salud Extensi\u00f3n y Difusi\u00f3n Universitaria Explora Nuestra Plataforma Repositorio Nuestra plataforma para la [&hellip;]","_links":{"self":[{"href":"https:\/\/unisa.secihti.mx\/SIGU-U\/WRP\/wp-json\/wp\/v2\/pages\/29","targetHints":{"allow":["GET"]}}],"collection":[{"href":"https:\/\/unisa.secihti.mx\/SIGU-U\/WRP\/wp-json\/wp\/v2\/pages"}],"about":[{"href":"https:\/\/unisa.secihti.mx\/SIGU-U\/WRP\/wp-json\/wp\/v2\/types\/page"}],"author":[{"embeddable":true,"href":"https:\/\/unisa.secihti.mx\/SIGU-U\/WRP\/wp-json\/wp\/v2\/users\/1"}],"replies":[{"embeddable":true,"href":"https:\/\/unisa.secihti.mx\/SIGU-U\/WRP\/wp-json\/wp\/v2\/comments?post=29"}],"version-history":[{"count":231,"href":"https:\/\/unisa.secihti.mx\/SIGU-U\/WRP\/wp-json\/wp\/v2\/pages\/29\/revisions"}],"predecessor-version":[{"id":4651,"href":"https:\/\/unisa.secihti.mx\/SIGU-U\/WRP\/wp-json\/wp\/v2\/pages\/29\/revisions\/4651"}],"wp:attachment":[{"href":"https:\/\/unisa.secihti.mx\/SIGU-U\/WRP\/wp-json\/wp\/v2\/media?parent=29"}],"curies":[{"name":"wp","href":"https:\/\/api.w.org\/{rel}","templated":true}]}}